{"id":7204,"date":"2022-01-23T18:27:39","date_gmt":"2022-01-23T17:27:39","guid":{"rendered":"https:\/\/www.triathlon-gemuenden.de\/?page_id=7204"},"modified":"2022-07-17T20:18:03","modified_gmt":"2022-07-17T19:18:03","slug":"sportabzeichen","status":"publish","type":"page","link":"https:\/\/www.triathlon-gemuenden.de\/?page_id=7204","title":{"rendered":"SPORTABZEICHEN"},"content":{"rendered":"\n<p style=\"text-align: justify;\">D<a href=\"https:\/\/www.triathlon-gemuenden.de\/wp-content\/uploads\/2022\/01\/csm_Sportabzeichen_273e791f6a.png\"><img fetchpriority=\"high\" decoding=\"async\" class=\"alignright wp-image-7229 \" src=\"https:\/\/www.triathlon-gemuenden.de\/wp-content\/uploads\/2022\/01\/csm_Sportabzeichen_273e791f6a-300x272.png\" alt=\"\" width=\"297\" height=\"270\" srcset=\"https:\/\/www.triathlon-gemuenden.de\/wp-content\/uploads\/2022\/01\/csm_Sportabzeichen_273e791f6a-300x272.png 300w, https:\/\/www.triathlon-gemuenden.de\/wp-content\/uploads\/2022\/01\/csm_Sportabzeichen_273e791f6a.png 661w\" sizes=\"(max-width: 297px) 100vw, 297px\" \/><\/a>as Deutsche Sportabzeichen ist eine Auszeichnung des Deutschen Olympischen Sportbundes (DOSB). Es ist die h\u00f6chste Auszeichnung au\u00dferhalb des Wettkampfsports und wird als Leistungsabzeichen f\u00fcr \u00fcberdurchschnittliche und vielseitige k\u00f6rperliche Leistungsf\u00e4higkeit verliehen. Die zu erbringenden Leistungen orientieren sich an den motorischen Grundf\u00e4higkeiten\u00a0Ausdauer, Kraft, Schnelligkeit und Koordination. Aus jeder dieser Disziplingruppen muss eine \u00dcbung erfolgreich abgeschlossen werden. Der Nachweis der Schwimmfertigkeit ist notwendige Voraussetzung f\u00fcr den Erwerb des Deutschen Sportabzeichens.\u00a0<\/p>\n<p>Abnahme der Leistungen im Sommer\/Herbst des Jahres<\/p>\n<p><strong>TERMINE:<\/strong><\/p>\n<p><em>21.07.2022 &#8211; 19 Uhr &#8211; Sportanlage hinter dem Hallenbad in Gem\u00fcnden<\/em><\/p>\n<p><em>23.07.2022 &#8211; 11 Uhr &#8211;\u00a0Sportanlage hinter dem Hallenbad in Gem\u00fcnden<\/em><\/p>\n<p><span style=\"color: #800000;\">Bitte kurze Anmeldung an alinabrand99@gmx.de<\/span><\/p>\n<p><strong>Leistungskataloge:<\/strong><\/p>\n<p><a href=\"https:\/\/www.triathlon-gemuenden.de\/wp-content\/uploads\/2022\/01\/DSA_Leistungsuebersicht_Erwachsene_A4_2022_DRUCK.pdf\">DSA_Leistungsuebersicht_Erwachsene_A4_2022_DRUCK<\/a><\/p>\n<p><a href=\"https:\/\/www.triathlon-gemuenden.de\/wp-content\/uploads\/2022\/01\/DSA_Leistungsuebersicht_KiJu_A4_2022_DRUCK.pdf\">DSA_Leistungsuebersicht_KiJu_A4_2022_DRUCK<\/a><\/p>\n<p>Quelle und weitere Informationen:\u00a0<a href=\"https:\/\/www.deutsches-sportabzeichen.de\/\">https:\/\/www.deutsches-sportabzeichen.de\/<\/a><\/p>\n<p>\u00a0<\/p>\n","protected":false},"excerpt":{"rendered":"<p>Das Deutsche Sportabzeichen ist eine Auszeichnung des Deutschen Olympischen Sportbundes (DOSB). Es ist die h\u00f6chste Auszeichnung au\u00dferhalb des Wettkampfsports und wird als Leistungsabzeichen f\u00fcr \u00fcberdurchschnittliche und vielseitige k\u00f6rperliche Leistungsf\u00e4higkeit verliehen. Die zu erbringenden Leistungen orientieren sich an den motorischen Grundf\u00e4higkeiten\u00a0Ausdauer, Kraft, Schnelligkeit und Koordination. Aus jeder dieser Disziplingruppen muss eine \u00dcbung erfolgreich abgeschlossen werden. Der &hellip; <\/p>\n<p class=\"link-more\"><a href=\"https:\/\/www.triathlon-gemuenden.de\/?page_id=7204\" class=\"more-link\">Mehr <span class=\"screen-reader-text\">\u00fcber &#8222;SPORTABZEICHEN&#8220; <\/span>Lesen<\/a><\/p>\n","protected":false},"author":6,"featured_media":7233,"parent":0,"menu_order":2,"comment_status":"closed","ping_status":"closed","template":"","meta":{"inspiro_hide_title":false,"footnotes":""},"class_list":["post-7204","page","type-page","status-publish","has-post-thumbnail","hentry"],"_links":{"self":[{"href":"https:\/\/www.triathlon-gemuenden.de\/index.php?rest_route=\/wp\/v2\/pages\/7204","targetHints":{"allow":["GET"]}}],"collection":[{"href":"https:\/\/www.triathlon-gemuenden.de\/index.php?rest_route=\/wp\/v2\/pages"}],"about":[{"href":"https:\/\/www.triathlon-gemuenden.de\/index.php?rest_route=\/wp\/v2\/types\/page"}],"author":[{"embeddable":true,"href":"https:\/\/www.triathlon-gemuenden.de\/index.php?rest_route=\/wp\/v2\/users\/6"}],"replies":[{"embeddable":true,"href":"https:\/\/www.triathlon-gemuenden.de\/index.php?rest_route=%2Fwp%2Fv2%2Fcomments&post=7204"}],"version-history":[{"count":7,"href":"https:\/\/www.triathlon-gemuenden.de\/index.php?rest_route=\/wp\/v2\/pages\/7204\/revisions"}],"predecessor-version":[{"id":7434,"href":"https:\/\/www.triathlon-gemuenden.de\/index.php?rest_route=\/wp\/v2\/pages\/7204\/revisions\/7434"}],"wp:featuredmedia":[{"embeddable":true,"href":"https:\/\/www.triathlon-gemuenden.de\/index.php?rest_route=\/wp\/v2\/media\/7233"}],"wp:attachment":[{"href":"https:\/\/www.triathlon-gemuenden.de\/index.php?rest_route=%2Fwp%2Fv2%2Fmedia&parent=7204"}],"curies":[{"name":"wp","href":"https:\/\/api.w.org\/{rel}","templated":true}]}}